
{"id":7,"date":"2022-04-01T02:03:57","date_gmt":"2022-04-01T02:03:57","guid":{"rendered":"https:\/\/pactogeoambiental.com.br\/index.php\/inicio\/"},"modified":"2022-03-31T20:10:39","modified_gmt":"2022-03-31T23:10:39","slug":"inicio","status":"publish","type":"page","link":"https:\/\/pactogeoambiental.com.br\/","title":{"rendered":"In\u00edcio"},"content":{"rendered":"<div style=\"transform:rotate(0deg);\"><img fetchpriority=\"high\" decoding=\"async\" width=\"820\" height=\"440\" alt=\"PactoLogo_Redesign_2021-01_edited.jpg\" src=\"https:\/\/pactogeoambiental.com.br\/wp-content\/uploads\/2022\/04\/1342d5_7a65f821ffab44439e15fe7554d10fcb-mv2.jpg\"><\/div>\n<div style=\"transform:rotate(0deg);\"><\/div>\n<div style=\"transform:rotate(0deg);\">\n<h1 class=\"font_0\" style=\"line-height: 1.41em; text-align: center;\"><span class=\"color_15\"><span style=\"\"><a href=\"https:\/\/genimatos.wixsite.com\/website\/invent\u00e1rio-florestal\" target=\"_self\" rel=\"noopener\"><span style=\"font-weight:bold\">Invent\u00e1rio Florestal<\/span><\/a><\/span><\/span><\/h1>\n<\/div>\n<div style=\"transform:rotate(0deg);\">\n<p class=\"font_8\" style=\"text-align: center;line-height:1.75em\"><span class=\"color_15\"><span style=\"font-weight: bold;\">Expertise comprovada!<\/span><\/span><\/p>\n<\/div>\n<div style=\"transform:rotate(0deg);\">\n<h2 class=\"font_0\" style=\"line-height: 1.41em; text-align: center;\"><span class=\"color_15\"><span style=\"\"><a href=\"https:\/\/genimatos.wixsite.com\/website\/licenciamento-ambiental\" target=\"_self\" rel=\"noopener\"><span style=\"font-weight:bold\">Licenciamento Ambiental<\/span><\/a><\/span><\/span><\/h2>\n<\/div>\n<div style=\"transform:rotate(0deg);\">\n<p class=\"font_8\" style=\"line-height: 1.75em; text-align: center;\"><span class=\"color_15\"><span style=\"font-weight:700\">EIA\/RIMA, EPI, RAS, EV<\/span><\/span><\/p>\n<\/div>\n<div style=\"transform:rotate(0deg);\">\n<h2 class=\"font_0\" style=\"line-height: 1.41em; text-align: center;\"><span class=\"color_15\"><span style=\"\"><a href=\"https:\/\/genimatos.wixsite.com\/website\/geotecnologias\" target=\"_self\" rel=\"noopener\"><span style=\"font-weight:bold\">Geotecnologias<\/span><\/a><\/span><\/span><\/h2>\n<\/div>\n<div style=\"transform:rotate(0deg);\">\n<p class=\"font_8\" style=\"text-align: center;line-height:1.75em\"><span class=\"color_15\"><span style=\"font-weight: bold;\">Georreferenciamento de im\u00f3veis rurais,&nbsp;Topografia, Geoprocessamento e Cartografia<\/span><\/span><\/p>\n<\/div>\n<div style=\"transform:rotate(0deg);\">\n<h2 class=\"font_0\" style=\"line-height: 1.41em; text-align: center;\"><span class=\"color_15\"><span style=\"\"><a href=\"https:\/\/genimatos.wixsite.com\/website\/resgate-e-afugentamento-de-fauna\" target=\"_self\" rel=\"noopener\"><span style=\"font-weight:bold\">Resgate e Afugentamento de Fauna<\/span><\/a><\/span><\/span><\/h2>\n<\/div>\n<div style=\"transform:rotate(0deg);\">\n<p class=\"font_8\" style=\"line-height: 1.75em; text-align: center;\"><span class=\"color_15\"><span style=\"font-weight:700\">Manejo de fauna para supress\u00e3o de vegeta\u00e7\u00e3o.<\/span><\/span><\/p>\n<\/div>\n<div style=\"transform:rotate(0deg);\"><\/div>\n<div style=\"transform:rotate(0deg);\"><\/div>\n<div style=\"transform:rotate(0deg);\"><\/div>\n<div style=\"transform:rotate(0deg);\">\n<h2 class=\"font_6\" style=\"text-align: center;line-height:1.35em\"><span class=\"color_11\"><span style=\"font-weight: bold;\">Entre em contato<\/span><\/span><\/h2>\n<\/div>\n<div style=\"transform:rotate(0deg);\"><\/div>\n<div style=\"transform:rotate(0deg);\"><\/div>\n<div style=\"transform:rotate(0deg);\"><\/div>\n<div style=\"transform:rotate(0deg);\"><\/div>\n<div style=\"transform:rotate(0deg);\">\n<div><button style=\" background-color:color_11;  border:color_15;  border-radius:0px; transform:rotate(0deg);\"><spanstyle=\" background-color:color_15;=\"\" font:normal=\"\" normal=\"\" 700=\"\" 15px=\"\" 1.4em=\"\" helvetica-w01-roman;\"=\"\">Enviar<\/spanstyle=\"><\/button><\/div>\n<\/div>\n<div style=\"transform:rotate(0deg);\">\n<p class=\"font_8\" style=\"text-align: center;\"><span class=\"color_11\">Obrigado pelo envio!<\/span><\/p>\n<\/div>\n<div style=\"transform:rotate(0deg);\"><\/div>\n","protected":false},"excerpt":{"rendered":"<p>Invent\u00e1rio Florestal Expertise comprovada! Licenciamento Ambiental EIA\/RIMA, EPI, RAS, EV Geotecnologias Georreferenciamento de im\u00f3veis rurais,&nbsp;Topografia, Geoprocessamento e Cartografia Resgate e Afugentamento de Fauna Manejo de fauna para supress\u00e3o de vegeta\u00e7\u00e3o. Entre em contato Enviar<\/p>\n","protected":false},"author":0,"featured_media":0,"parent":0,"menu_order":0,"comment_status":"open","ping_status":"open","template":"","meta":{"footnotes":""},"class_list":["post-7","page","type-page","status-publish","hentry"],"_links":{"self":[{"href":"https:\/\/pactogeoambiental.com.br\/index.php\/wp-json\/wp\/v2\/pages\/7","targetHints":{"allow":["GET"]}}],"collection":[{"href":"https:\/\/pactogeoambiental.com.br\/index.php\/wp-json\/wp\/v2\/pages"}],"about":[{"href":"https:\/\/pactogeoambiental.com.br\/index.php\/wp-json\/wp\/v2\/types\/page"}],"replies":[{"embeddable":true,"href":"https:\/\/pactogeoambiental.com.br\/index.php\/wp-json\/wp\/v2\/comments?post=7"}],"version-history":[{"count":1,"href":"https:\/\/pactogeoambiental.com.br\/index.php\/wp-json\/wp\/v2\/pages\/7\/revisions"}],"predecessor-version":[{"id":19,"href":"https:\/\/pactogeoambiental.com.br\/index.php\/wp-json\/wp\/v2\/pages\/7\/revisions\/19"}],"wp:attachment":[{"href":"https:\/\/pactogeoambiental.com.br\/index.php\/wp-json\/wp\/v2\/media?parent=7"}],"curies":[{"name":"wp","href":"https:\/\/api.w.org\/{rel}","templated":true}]}}