
{"id":9,"date":"2022-04-01T02:03:57","date_gmt":"2022-04-01T02:03:57","guid":{"rendered":""},"modified":"2022-04-01T02:03:57","modified_gmt":"2022-04-01T02:03:57","slug":"inventario-florestal","status":"publish","type":"page","link":"https:\/\/pactogeoambiental.com.br\/index.php\/inventario-florestal\/","title":{"rendered":"Invent\u00e1rio Florestal"},"content":{"rendered":"<div style=\"transform:rotate(0deg);\">\n<h1 class=\"font_6\" style=\"text-align: center;line-height:1.35em\"><span class=\"color_18\"><span style=\"font-weight: bold;\">Invent\u00e1rio Florestal<\/span><\/span><\/h1>\n<\/div>\n<div style=\"transform:rotate(0deg);\">\n<p class=\"font_8\" style=\"text-align: center;line-height:1.75em\"><span class=\"color_15\"><span style=\"font-weight: bold;\">Expertise comprovada!<\/span><\/span><\/p>\n<\/div>\n<div style=\"transform:rotate(0deg);\">\n<p class=\"font_9\" style=\"text-align: center;line-height:1.875em\"><span class=\"color_15\">Obten\u00e7\u00e3o de autoriza\u00e7\u00e3o de supress\u00e3o de vegeta\u00e7\u00e3o nativa, com responsabilidade e comprometimento com o meio-ambiente.<br \/>Biomas Mata Atl\u00e2ntica, Cerrado e Caatinga.<br \/>Caracteriza\u00e7\u00e3o flor\u00edstica e fenol\u00f3gica.<\/span><\/p>\n<\/div>\n<div style=\"transform:rotate(0deg);\"><\/div>\n","protected":false},"excerpt":{"rendered":"<p>Invent\u00e1rio Florestal Expertise comprovada! Obten\u00e7\u00e3o de autoriza\u00e7\u00e3o de supress\u00e3o de vegeta\u00e7\u00e3o nativa, com responsabilidade e comprometimento com o meio-ambiente.Biomas Mata Atl\u00e2ntica, Cerrado e Caatinga.Caracteriza\u00e7\u00e3o flor\u00edstica e fenol\u00f3gica.<\/p>\n","protected":false},"author":0,"featured_media":0,"parent":0,"menu_order":0,"comment_status":"open","ping_status":"open","template":"","meta":{"footnotes":""},"class_list":["post-9","page","type-page","status-publish","hentry"],"_links":{"self":[{"href":"https:\/\/pactogeoambiental.com.br\/index.php\/wp-json\/wp\/v2\/pages\/9","targetHints":{"allow":["GET"]}}],"collection":[{"href":"https:\/\/pactogeoambiental.com.br\/index.php\/wp-json\/wp\/v2\/pages"}],"about":[{"href":"https:\/\/pactogeoambiental.com.br\/index.php\/wp-json\/wp\/v2\/types\/page"}],"replies":[{"embeddable":true,"href":"https:\/\/pactogeoambiental.com.br\/index.php\/wp-json\/wp\/v2\/comments?post=9"}],"version-history":[{"count":0,"href":"https:\/\/pactogeoambiental.com.br\/index.php\/wp-json\/wp\/v2\/pages\/9\/revisions"}],"wp:attachment":[{"href":"https:\/\/pactogeoambiental.com.br\/index.php\/wp-json\/wp\/v2\/media?parent=9"}],"curies":[{"name":"wp","href":"https:\/\/api.w.org\/{rel}","templated":true}]}}